{"id":12631,"date":"2023-03-22T16:34:25","date_gmt":"2023-03-22T20:34:25","guid":{"rendered":"https:\/\/dutchcaribbeanheritage.org\/algun-tep-pa-ora-ta-buska\/"},"modified":"2025-07-22T14:46:02","modified_gmt":"2025-07-22T18:46:02","slug":"algun-tep-pa-ora-ta-buska","status":"publish","type":"page","link":"https:\/\/dutchcaribbeanheritage.org\/pap-cw\/algun-tep-pa-ora-ta-buska\/","title":{"rendered":"Algun tep pa ora ta buska"},"content":{"rendered":"<h2>Struktura<\/h2>\n<p>E website ak\u00ed ta bo base di dato digital pa informashon tokante herensia di e islanan hulandes karibense. Bo por hasi un b\u00faskeda dirig\u00ed via e filternan di b\u00faskeda riba e p\u00e1gina di inisio \u00f2f eksplor\u00e1 nos tres sekshonnan prinsipal: Informashon, Edukashon i Aktividat.<\/p>\n<h5><a href=\"https:\/\/dutchcaribbeanheritage.wp.kukiko.com\/pap-cw\/informashon\/\" rel=\"noopener\">Informashon<\/a><\/h5>\n<p>Aki ta ha\u00f1a un kolekshon ekstenso di fuente di informashon \u2013 for di publikashon, video i website te na lenk pa bai e basenan di dato eksterno. E sekshon ak\u00ed ta pa tur hende, for di e profeshonal riba tereno di herensia i guia tur\u00edstiko te na studiante ku ta buska informashon pa un presentashon oral.<\/p>\n<h5><a href=\"https:\/\/dutchcaribbeanheritage.wp.kukiko.com\/pap-cw\/edukashon\/\" rel=\"noopener\">Edukashon<\/a><\/h5>\n<p>Esaki ta destin\u00e1 spesialmente pa dosente i profeshonal den edukashon. Aki ta ha\u00f1a material pa l\u00e8s i m\u00e9todo di ense\u00f1ansa pa tur nivel di ense\u00f1ansa; for di skol b\u00e1siko te na ense\u00f1ansa avans\u00e1. Usa e filtro pa buska grupo segun edat i nivel pa ha\u00f1a material pa usa mesora den l\u00e8s.<\/p>\n<h5><a href=\"https:\/\/dutchcaribbeanheritage.wp.kukiko.com\/pap-cw\/tur-aktividat\/\" rel=\"noopener\">Aktividat<\/a><\/h5>\n<p>Deskubr\u00ed kua aktividat regular i spesial di herensia ta tuma lug\u00e1 riba e islanan: for di tayer te na eksposishon. Herensia ta biba ora ta komparti\u00e9 i eksperensi&#8217;\u00e9.<\/p>\n<p>No tin sigur den kua kategoria e pregunta ta kai? Usa e bara di b\u00faskeda general riba e <a href=\"https:\/\/dutchcaribbeanheritage.wp.kukiko.com\/pap-cw\/\" rel=\"noopener\">p\u00e1gina di inisio<\/a> pa tuma nota di tur resultado.<\/p>\n<h2>Fuente di informashon eksterno<\/h2>\n<p>Pa mas profundisashon \u00f2f pa t\u00f3piko ku no ta riba nos website ainda, por bishit\u00e1 algun otro fuente di informashon online ku ta trata herensia.<\/p>\n<h5><\/h5>\n<h5>Investigashon di fuente di informashon<\/h5>\n<ul>\n<li><a href=\"https:\/\/delpher.nl\" target=\"_blank\" rel=\"noopener\">Delpher.nl<\/a> (archivo grandi di korant i revista hulandes i hulandes antiano)<\/li>\n<li><a href=\"https:\/\/dcdp.uoc.cw\/\" target=\"_blank\" rel=\"noopener\">Dutch Caribbean Digital Platform<\/a><\/li>\n<li><a href=\"https:\/\/coleccion.aw\/pages\/pa\/home\/\" target=\"_blank\" rel=\"noopener\">Coleccion Aruba<\/a><\/li>\n<\/ul>\n<h5>Archivo\/biblioteka<\/h5>\n<ul>\n<li><a href=\"https:\/\/www.nationaalarchief.cw\/\" target=\"_blank\" rel=\"noopener\">Archivo Nashonal K\u00f2rsou<\/a><\/li>\n<li><a href=\"https:\/\/www.madurolibrary.org\/\" target=\"_blank\" rel=\"noopener\">Mongui Maduro Library<\/a><\/li>\n<li><a href=\"https:\/\/www.nationaalarchief.nl\/\" target=\"_blank\" rel=\"noopener\">Nationaal Archief Nederland<\/a><\/li>\n<\/ul>\n<h5>Investigashon di famia<\/h5>\n<ul>\n<li><a href=\"https:\/\/wiewaswie.nl\/\" target=\"_blank\" rel=\"noopener\">Wie Was Wie<\/a><\/li>\n<li>\n<p class=\"page-title\"><a href=\"https:\/\/www.nationaalarchief.nl\/onderzoeken\/zoekhulpen\/inwoners-van-curacao-1675-1950\" target=\"_blank\" rel=\"noopener\">Indis\u00e9 \u2013 Habitante di K\u00f2rsou 1675 \u2013 1950<\/a><\/p>\n<\/li>\n<\/ul>\n<h5>Manumishon (dokumento ofisial ku ta duna katibu libertat)<\/h5>\n<ul>\n<li>\n<p class=\"page-title\"><a href=\"https:\/\/www.nationaalarchief.nl\/onderzoeken\/zoekhulpen\/slavernij-en-emancipatie-op-aruba-1840-1863\" target=\"_blank\" rel=\"noopener\">Indis\u00e9 \u2013Sklabitut i emansipashon na Aruba, 1840 \u2013 1863<\/a><\/p>\n<\/li>\n<li>\n<p class=\"page-title\"><a href=\"https:\/\/www.nationaalarchief.nl\/onderzoeken\/zoekhulpen\/curacao-slaven-en-emancipatieregisters-1839-1863\" target=\"_blank\" rel=\"noopener\">Indis\u00e9 \u2013 Cura\u00e7ao: Registro di katibu i emansipashon 1839 \u2013 1863<\/a><\/p>\n<\/li>\n<li>\n<p class=\"page-title\"><a href=\"https:\/\/www.nationaalarchief.nl\/onderzoeken\/zoekhulpen\/curacao-vrij-van-slavernij-manumissies-1722-1863\" target=\"_blank\" rel=\"noopener\">Indis\u00e9 \u2013 Cura\u00e7ao: Liber di sklabitut (manumishon) 1722 \u2013 1863<\/a><\/p>\n<\/li>\n<li>\n<p class=\"page-title\"><a href=\"https:\/\/www.nationaalarchief.nl\/onderzoeken\/zoekhulpen\/suriname-en-de-nederlandse-antillen-vrijverklaarde-slaafgemaakten#collapse-8844\" target=\"_blank\" rel=\"noopener\">Indis\u00e9 \u2013 S\u00fcrnam i Antia Hulandes: Deklarashon di libertat di esnan sklabis\u00e1 (Emansipashon 1863)<\/a><\/p>\n<\/li>\n<li>\n<p class=\"page-title\"><a href=\"https:\/\/www.nationaalarchief.nl\/onderzoeken\/zoekhulpen\/vrijgelaten-slaafgemaakten-op-sint-eustatius-1862-1863\" target=\"_blank\" rel=\"noopener\">Indis\u00e9 \u2013 Katibu liber\u00e1 na Sint Eustatius, 1862 \u2013 1863<\/a><\/p>\n<\/li>\n<\/ul>\n","protected":false},"excerpt":{"rendered":"<p>Struktura E website ak\u00ed ta bo base di dato digital pa informashon tokante herensia di e islanan hulandes karibense. Bo por hasi un b\u00faskeda dirig\u00ed via e filternan di b\u00faskeda [&hellip;]<\/p>\n","protected":false},"author":6,"featured_media":4510,"parent":0,"menu_order":900,"comment_status":"closed","ping_status":"closed","template":"","meta":{"_et_pb_use_builder":"off","_et_pb_old_content":"","_et_gb_content_width":"","_vp_format_video_url":"","_vp_image_focal_point":[],"footnotes":""},"class_list":["post-12631","page","type-page","status-publish","has-post-thumbnail","hentry"],"_links":{"self":[{"href":"https:\/\/dutchcaribbeanheritage.org\/pap-cw\/wp-json\/wp\/v2\/pages\/12631","targetHints":{"allow":["GET"]}}],"collection":[{"href":"https:\/\/dutchcaribbeanheritage.org\/pap-cw\/wp-json\/wp\/v2\/pages"}],"about":[{"href":"https:\/\/dutchcaribbeanheritage.org\/pap-cw\/wp-json\/wp\/v2\/types\/page"}],"author":[{"embeddable":true,"href":"https:\/\/dutchcaribbeanheritage.org\/pap-cw\/wp-json\/wp\/v2\/users\/6"}],"replies":[{"embeddable":true,"href":"https:\/\/dutchcaribbeanheritage.org\/pap-cw\/wp-json\/wp\/v2\/comments?post=12631"}],"version-history":[{"count":0,"href":"https:\/\/dutchcaribbeanheritage.org\/pap-cw\/wp-json\/wp\/v2\/pages\/12631\/revisions"}],"wp:featuredmedia":[{"embeddable":true,"href":"https:\/\/dutchcaribbeanheritage.org\/pap-cw\/wp-json\/wp\/v2\/media\/4510"}],"wp:attachment":[{"href":"https:\/\/dutchcaribbeanheritage.org\/pap-cw\/wp-json\/wp\/v2\/media?parent=12631"}],"curies":[{"name":"wp","href":"https:\/\/api.w.org\/{rel}","templated":true}]}}