{"id":12630,"date":"2023-02-15T13:26:42","date_gmt":"2023-02-15T17:26:42","guid":{"rendered":"https:\/\/dutchcaribbeanheritage.org\/kolaborado\/"},"modified":"2026-01-20T10:36:11","modified_gmt":"2026-01-20T14:36:11","slug":"kolaborado","status":"publish","type":"page","link":"https:\/\/dutchcaribbeanheritage.org\/pap-cw\/kolaborado\/","title":{"rendered":"Bira kolaborad\u00f3"},"content":{"rendered":"<p>[et_pb_section fb_built=&#8221;1&#8243; _builder_version=&#8221;4.19.5&#8243; _module_preset=&#8221;default&#8221; border_color_top=&#8221;gcid-8d5c403e-5233-4b75-b6e6-bba157c5c77f&#8221; global_colors_info=&#8221;{%22gcid-8d5c403e-5233-4b75-b6e6-bba157c5c77f%22:%91%22border_color_top%22%93}&#8221;][et_pb_row column_structure=&#8221;2_3,1_3&#8243; use_custom_gutter=&#8221;on&#8221; gutter_width=&#8221;2&#8243; make_equal=&#8221;on&#8221; _builder_version=&#8221;4.27.4&#8243; _module_preset=&#8221;default&#8221; background_enable_color=&#8221;off&#8221; width=&#8221;100%&#8221; max_width=&#8221;2560px&#8221; module_alignment=&#8221;left&#8221; custom_margin=&#8221;0px||||false|false&#8221; custom_padding=&#8221;0px||||false|false&#8221; global_colors_info=&#8221;{}&#8221;][et_pb_column type=&#8221;2_3&#8243; _builder_version=&#8221;4.27.4&#8243; _module_preset=&#8221;default&#8221; background_enable_color=&#8221;off&#8221; custom_padding=&#8221;0px|80px|0px|0px|false|false&#8221; global_colors_info=&#8221;{%22gcid-abea9b05-f503-4c3d-9ce3-95fa1b510938%22:%91%22background_color%22%93}&#8221;][et_pb_text _builder_version=&#8221;4.27.4&#8243; background_size=&#8221;initial&#8221; background_position=&#8221;top_left&#8221; background_repeat=&#8221;repeat&#8221; global_colors_info=&#8221;{}&#8221;]<\/p>\n<p>Si bo ta traha den sektor di herensia, sektor kultural, \u00f2f edukashon i bo ke komparti material tambe riba e website aki, por hasi esei dos manera.<\/p>\n<h3>Subi material di manera espor\u00e1diko<\/h3>\n<p>Bo por &#8216;upload&#8217; material espor\u00e1diko pa Herens\/cia | Erfgoed | Heritage. Pa esaki, por yena un formulario ku tur informashon tokante e material. Ta importante pa lesa bon e \u2018Kriterio pa subi material\u2019 i \u2018Konsehon pa subi material\u2019 banda di e formulario.  <\/p>\n<p>[\/et_pb_text][et_pb_button button_url=&#8221;\/pap-cw\/formulario-pa-entrega-material\/&#8221; button_text=&#8221;Formulario pa &#8216;upload&#8217; material espor\u00e1diko&#8221; _builder_version=&#8221;4.27.4&#8243; _module_preset=&#8221;default&#8221; custom_button=&#8221;on&#8221; button_text_size=&#8221;18px&#8221; button_text_color=&#8221;gcid-f1458253-799c-4204-b013-cc86f7421695&#8243; button_bg_color=&#8221;gcid-db4dab1d-46e6-4df5-b227-0fe930fe78cc&#8221; custom_margin=&#8221;10px||50px||false|false&#8221; hover_enabled=&#8221;0&#8243; global_colors_info=&#8221;{%22gcid-f1458253-799c-4204-b013-cc86f7421695%22:%91%22button_text_color%22%93,%22gcid-db4dab1d-46e6-4df5-b227-0fe930fe78cc%22:%91%22button_bg_color%22%93}&#8221; sticky_enabled=&#8221;0&#8243;][\/et_pb_button][et_pb_text _builder_version=&#8221;4.27.4&#8243; background_size=&#8221;initial&#8221; background_position=&#8221;top_left&#8221; background_repeat=&#8221;repeat&#8221; global_colors_info=&#8221;{}&#8221;]<\/p>\n<h3>&#8216;Upload&#8217; material na un manera struktural<\/h3>\n<p>Si bo \u00f2f bo organisashon ta spera di &#8216;upload&#8217; hopi material \u00f2f regularmente riba Herens\/cia | Erfgoed | Heritage, bo por registr\u00e1 komo &#8216;content-partner&#8217;. E &#8216;content-manager&#8217; di Herens\/cia | Erfgoed | Heritage lo krea un kuenta pa bo pa subi e website komo partner i manda instrukshon pa &#8216;upload&#8217; kontenido. E content-manager lo verifik\u00e1 e kontenido ku a &#8216;upload&#8217;, i si nesesario, lo konsult\u00e1 ku bo, pa despues publik\u00e1 e material. Ora ta log in, bo por wak tur kontenido ku bo a &#8216;upload&#8217;.    <\/p>\n<p>[\/et_pb_text][et_pb_button button_url=&#8221;\/pap-cw\/formulario-pa-inskibi-komo-kolaborado\/&#8221; button_text=&#8221;Formulario di registrashon pa partner&#8221; _builder_version=&#8221;4.27.4&#8243; _module_preset=&#8221;default&#8221; custom_button=&#8221;on&#8221; button_text_size=&#8221;18px&#8221; button_text_color=&#8221;gcid-f1458253-799c-4204-b013-cc86f7421695&#8243; button_bg_color=&#8221;gcid-db4dab1d-46e6-4df5-b227-0fe930fe78cc&#8221; custom_margin=&#8221;10px||50px||false|false&#8221; hover_enabled=&#8221;0&#8243; global_colors_info=&#8221;{%22gcid-f1458253-799c-4204-b013-cc86f7421695%22:%91%22button_text_color%22,%22button_text_color%22%93,%22gcid-db4dab1d-46e6-4df5-b227-0fe930fe78cc%22:%91%22button_bg_color%22%93,%22gcid-54079790-04a7-4855-aa5d-cf0124ba8722%22:%91%22button_bg_color%22%93}&#8221; sticky_enabled=&#8221;0&#8243;][\/et_pb_button][et_pb_text _builder_version=&#8221;4.27.4&#8243; background_size=&#8221;initial&#8221; background_position=&#8221;top_left&#8221; background_repeat=&#8221;repeat&#8221; global_colors_info=&#8221;{}&#8221;]<\/p>\n<p>Si bo tin preguntanan prom\u00e9, sinti bo liber pa kontakt\u00e1 nos via<br \/> <a href=\"mailto:info@dutchcaribbeanheritage.org\">info@dutchcaribbeanheritage.org<\/a>.<\/p>\n<p>[\/et_pb_text][\/et_pb_column][et_pb_column type=&#8221;1_3&#8243; _builder_version=&#8221;4.25.0&#8243; _module_preset=&#8221;default&#8221; background_enable_color=&#8221;off&#8221; custom_padding=&#8221;0px|30px|0px|30px|false|true&#8221; global_colors_info=&#8221;{%22gcid-abea9b05-f503-4c3d-9ce3-95fa1b510938%22:%91%22background_color%22%93}&#8221;][et_pb_toggle title=&#8221;Kriterio pa entreg\u00e1 material&#8221; _builder_version=&#8221;4.27.4&#8243; _module_preset=&#8221;default&#8221; title_text_color=&#8221;gcid-da219282-0881-45bc-a1a0-4f683f24baa8&#8243; title_font=&#8221;Khand||||||||&#8221; title_font_size=&#8221;20px&#8221; body_font_size=&#8221;14px&#8221; background_color=&#8221;#FFFFFF&#8221; global_colors_info=&#8221;{%22gcid-da219282-0881-45bc-a1a0-4f683f24baa8%22:%91%22title_text_color%22%93}&#8221;]<\/p>\n<p>E material mester kumpli ku e siguiente kriterionan:<\/p>\n<ul>\n<li>Mester ta bas\u00e1 riba echo<\/li>\n<li>Ta kai bou di un di e siguiente kategorianan:\n<ul>\n<li>Patrimonio intangibel (Herensia inmaterial)<\/li>\n<li>Patrimonio tangibel (Herensia material)<\/li>\n<li>Herensia arkitekt\u00f3niko<\/li>\n<li>Herensia arkeol\u00f3giko<\/li>\n<li>Arte i artesania (mas bieu ku 50 a\u00f1a)<\/li>\n<li>Literatura<\/li>\n<li>M\u00fasika &amp; arte di aktuashon<\/li>\n<li>Herensia natural<\/li>\n<\/ul>\n<\/li>\n<li>Ta trata aki di patrimonio ku ta di e islanan hulandes karibense mes, esta di Aruba, Boneiru, K\u00f2rsou, Sint Maarten, Sint Eustatius i\/\u00f2f Saba.<\/li>\n<li>Bo ta dispon\u00e9 di e derecho di outor pa kompart\u00ed e material, \u00f2f por refer\u00ed na unda por ha\u00f1a e material ak\u00ed publik\u00e1.<\/li>\n<\/ul>\n<p>[\/et_pb_toggle][et_pb_toggle title=&#8221;T\u00e8p pa upload material&#8221; _builder_version=&#8221;4.27.4&#8243; _module_preset=&#8221;default&#8221; title_text_color=&#8221;gcid-da219282-0881-45bc-a1a0-4f683f24baa8&#8243; title_font=&#8221;Khand||||||||&#8221; title_font_size=&#8221;20px&#8221; body_font_size=&#8221;14px&#8221; background_color=&#8221;#FFFFFF&#8221; custom_margin=&#8221;30px||||false|false&#8221; global_colors_info=&#8221;{%22gcid-da219282-0881-45bc-a1a0-4f683f24baa8%22:%91%22title_text_color%22%93}&#8221;]<\/p>\n<ol>\n<li>Ku e formulario por entreg\u00e1 solament un material \u00f2f un aktividat.<\/li>\n<li>Yena tur f\u00e8lt relevante mas kompleto posibel.<\/li>\n<li>Usa e idioma di e material \u00f2f aktividat mes, pa e t\u00edtulo, posibel subt\u00edtulo i deskripshon. Pa eh\u00e8mpel, si ta un buki na Papiamentu, pone e t\u00edtulo, subt\u00edtulo i deskripshon tambe na Papiamentu.<\/li>\n<li>Pa \u201cPais\/isla\u201d, \u201cKategoria\u201d, \u201cTipo di material\u201d, i otro, varias opshonnan ta posibel.<\/li>\n<li>Pa im\u00e1genan, por ehempel, por upload screenshots, un eskaneo di e tabla di kontenido, \u00f2f otro im\u00e1genan ku duna un idea di e material. Den kaso di aktividatnan, por ta un poster\/flyer, material pa promoshon, p\u00f2tr\u00e8tnan, i otro. <\/li>\n<li>Pa website\/links eksterno, por pone un \u00f2f mas links pa ku e material mes, \u00f2f pa ku un site kaminda por ha\u00f1a mas informashon tokante e material. Den kaso di un aktividat, por pone un link pa ku e lokashon, un website ku mas informashon, i e website pa kumpra tiket. <\/li>\n<\/ol>\n<p>[\/et_pb_toggle][\/et_pb_column][\/et_pb_row][\/et_pb_section]<\/p>\n","protected":false},"excerpt":{"rendered":"<p>Si bo ta traha den sektor di herensia, sektor kultural, \u00f2f edukashon i bo ke komparti material tambe riba e website aki, por hasi esei dos manera. Subi material di [&hellip;]<\/p>\n","protected":false},"author":6,"featured_media":4520,"parent":0,"menu_order":800,"comment_status":"closed","ping_status":"closed","template":"","meta":{"_et_pb_use_builder":"on","_et_pb_old_content":"","_et_gb_content_width":"","_vp_format_video_url":"","_vp_image_focal_point":[],"footnotes":""},"class_list":["post-12630","page","type-page","status-publish","has-post-thumbnail","hentry"],"_links":{"self":[{"href":"https:\/\/dutchcaribbeanheritage.org\/pap-cw\/wp-json\/wp\/v2\/pages\/12630","targetHints":{"allow":["GET"]}}],"collection":[{"href":"https:\/\/dutchcaribbeanheritage.org\/pap-cw\/wp-json\/wp\/v2\/pages"}],"about":[{"href":"https:\/\/dutchcaribbeanheritage.org\/pap-cw\/wp-json\/wp\/v2\/types\/page"}],"author":[{"embeddable":true,"href":"https:\/\/dutchcaribbeanheritage.org\/pap-cw\/wp-json\/wp\/v2\/users\/6"}],"replies":[{"embeddable":true,"href":"https:\/\/dutchcaribbeanheritage.org\/pap-cw\/wp-json\/wp\/v2\/comments?post=12630"}],"version-history":[{"count":0,"href":"https:\/\/dutchcaribbeanheritage.org\/pap-cw\/wp-json\/wp\/v2\/pages\/12630\/revisions"}],"wp:featuredmedia":[{"embeddable":true,"href":"https:\/\/dutchcaribbeanheritage.org\/pap-cw\/wp-json\/wp\/v2\/media\/4520"}],"wp:attachment":[{"href":"https:\/\/dutchcaribbeanheritage.org\/pap-cw\/wp-json\/wp\/v2\/media?parent=12630"}],"curies":[{"name":"wp","href":"https:\/\/api.w.org\/{rel}","templated":true}]}}