{"id":12629,"date":"2023-04-19T15:39:44","date_gmt":"2023-04-19T19:39:44","guid":{"rendered":"https:\/\/dutchcaribbeanheritage.org\/tokante-e-plataforma-aki\/sponser\/"},"modified":"2025-07-22T14:41:11","modified_gmt":"2025-07-22T18:41:11","slug":"sponser","status":"publish","type":"page","link":"https:\/\/dutchcaribbeanheritage.org\/pap-cw\/tokante-e-plataforma-aki\/sponser\/","title":{"rendered":"Sp\u00f2nser"},"content":{"rendered":"<p>[et_pb_section fb_built=&#8221;1&#8243; _builder_version=&#8221;4.25.0&#8243; _module_preset=&#8221;default&#8221; global_colors_info=&#8221;{}&#8221;][et_pb_row column_structure=&#8221;2_3,1_3&#8243; _builder_version=&#8221;4.27.4&#8243; _module_preset=&#8221;default&#8221; width=&#8221;90%&#8221; max_width=&#8221;2560px&#8221; custom_margin=&#8221;|0px|50px|0px|false|false&#8221; custom_padding=&#8221;|0px||0px|false|false&#8221; global_colors_info=&#8221;{}&#8221;][et_pb_column type=&#8221;2_3&#8243; _builder_version=&#8221;4.25.0&#8243; _module_preset=&#8221;default&#8221; global_colors_info=&#8221;{}&#8221;][et_pb_text _builder_version=&#8221;4.27.2&#8243; _module_preset=&#8221;default&#8221; global_colors_info=&#8221;{}&#8221;]<\/p>\n<p><a href=\"https:\/\/monumentenzorg.cw\/\" target=\"_blank\" rel=\"noopener\">Stichting Monumentenzorg Cura\u00e7ao<\/a> a tuma e inisiativa pa krea e plataforma Herens\/cia | Erfgoed | Heritage ku e konvikshon ku informashon tokante patrimonio di e islanan CAS i BES mester ta aksesibel i f\u00e1sil pa ha\u00f1a. E fundashon mes ta finansi\u00e1 maneho di e proyekto i e gastunan general. <\/p>\n<p>[\/et_pb_text][\/et_pb_column][et_pb_column type=&#8221;1_3&#8243; _builder_version=&#8221;4.25.0&#8243; _module_preset=&#8221;default&#8221; global_colors_info=&#8221;{}&#8221;][et_pb_image src=&#8221;https:\/\/dutchcaribbeanheritage.wp.kukiko.com\/wp-content\/uploads\/sites\/7\/2023\/02\/SMZ_logo-new-150&#215;150.png&#8221; title_text=&#8221;SMZ_logo-new&#8221; url=&#8221;https:\/\/monumentenzorg.cw&#8221; url_new_window=&#8221;on&#8221; align=&#8221;center&#8221; admin_label=&#8221;Image&#8221; _builder_version=&#8221;4.27.2&#8243; _module_preset=&#8221;default&#8221; global_colors_info=&#8221;{}&#8221;][\/et_pb_image][\/et_pb_column][\/et_pb_row][et_pb_row column_structure=&#8221;2_3,1_3&#8243; _builder_version=&#8221;4.25.0&#8243; _module_preset=&#8221;default&#8221; width=&#8221;90%&#8221; max_width=&#8221;2560px&#8221; custom_margin=&#8221;|0px|50px|0px|false|false&#8221; global_colors_info=&#8221;{}&#8221; custom_padding=&#8221;|0px||0px|false|false&#8221;][et_pb_column type=&#8221;2_3&#8243; _builder_version=&#8221;4.25.0&#8243; _module_preset=&#8221;default&#8221; global_colors_info=&#8221;{}&#8221;][et_pb_text _builder_version=&#8221;4.27.2&#8243; _module_preset=&#8221;default&#8221; global_colors_info=&#8221;{}&#8221;]<\/p>\n<p>Sin <a href=\"https:\/\/cultuurfondscaribischgebied.com\/\" target=\"_blank\" rel=\"noopener\">Cultuurfonds Caribisch Gebied,<\/a> e proyekto aki lo no tabata posibel. E fondo ak\u00ed a patrosin\u00e1 gran parti e prom\u00e9 fase di e proyekto, i asina a pone e fundeshi di manera ku por sigui elabor\u00e1 i komplement\u00e1 informashon. <\/p>\n<p>[\/et_pb_text][\/et_pb_column][et_pb_column type=&#8221;1_3&#8243; _builder_version=&#8221;4.25.0&#8243; _module_preset=&#8221;default&#8221; global_colors_info=&#8221;{}&#8221;][et_pb_image src=&#8221;https:\/\/dutchcaribbeanheritage.wp.kukiko.com\/wp-content\/uploads\/sites\/7\/2024\/10\/CCG-logo-150&#215;150.png&#8221; title_text=&#8221;CCG logo&#8221; url=&#8221;https:\/\/cultuurfondscaribischgebied.com\/&#8221; url_new_window=&#8221;on&#8221; align=&#8221;center&#8221; admin_label=&#8221;Image&#8221; _builder_version=&#8221;4.27.2&#8243; _module_preset=&#8221;default&#8221; global_colors_info=&#8221;{}&#8221;][\/et_pb_image][\/et_pb_column][\/et_pb_row][et_pb_row column_structure=&#8221;2_3,1_3&#8243; _builder_version=&#8221;4.25.0&#8243; _module_preset=&#8221;default&#8221; width=&#8221;90%&#8221; max_width=&#8221;2560px&#8221; custom_margin=&#8221;|0px|50px|0px|false|false&#8221; global_colors_info=&#8221;{}&#8221; custom_padding=&#8221;|0px||0px|false|false&#8221;][et_pb_column type=&#8221;2_3&#8243; _builder_version=&#8221;4.25.0&#8243; _module_preset=&#8221;default&#8221; global_colors_info=&#8221;{}&#8221;][et_pb_text _builder_version=&#8221;4.27.2&#8243; _module_preset=&#8221;default&#8221; global_colors_info=&#8221;{}&#8221;]<\/p>\n<p><a href=\"https:\/\/www.mondriaanfonds.nl\" target=\"_blank\" rel=\"noopener\">Mondriaan Fonds<\/a> ta hasi posibel pa por sigui amplia, komplement\u00e1 i pone e website disponibel na papiamentu\/o i ingles, i pa e ta kla pa promov\u00e9 serka un p\u00fabliko amplio. <\/p>\n<p>[\/et_pb_text][\/et_pb_column][et_pb_column type=&#8221;1_3&#8243; _builder_version=&#8221;4.25.0&#8243; _module_preset=&#8221;default&#8221; global_colors_info=&#8221;{}&#8221;][et_pb_image src=&#8221;https:\/\/dutchcaribbeanheritage.wp.kukiko.com\/wp-content\/uploads\/sites\/7\/2024\/01\/MFO_LOGO_RGB_ROOD_SMALL-150&#215;150.png&#8221; title_text=&#8221;MFO_LOGO_RGB_ROOD_SMALL&#8221; url=&#8221;https:\/\/www.mondriaanfonds.nl\/&#8221; url_new_window=&#8221;on&#8221; align=&#8221;center&#8221; _builder_version=&#8221;4.27.2&#8243; _module_preset=&#8221;default&#8221; width=&#8221;70%&#8221; global_colors_info=&#8221;{}&#8221;][\/et_pb_image][\/et_pb_column][\/et_pb_row][et_pb_row column_structure=&#8221;2_3,1_3&#8243; _builder_version=&#8221;4.25.0&#8243; _module_preset=&#8221;default&#8221; width=&#8221;90%&#8221; max_width=&#8221;2560px&#8221; custom_margin=&#8221;|0px|50px|0px|false|false&#8221; global_colors_info=&#8221;{}&#8221; custom_padding=&#8221;|0px||0px|false|false&#8221;][et_pb_column type=&#8221;2_3&#8243; _builder_version=&#8221;4.25.0&#8243; _module_preset=&#8221;default&#8221; global_colors_info=&#8221;{}&#8221;][et_pb_text _builder_version=&#8221;4.27.2&#8243; _module_preset=&#8221;default&#8221; global_colors_info=&#8221;{}&#8221;]<\/p>\n<p>UNESCO, pa medio di su <a href=\"https:\/\/www.unesco.org\/en\/member-states-portal\/participation-programme\" target=\"_blank\" rel=\"noopener\">Participation Programme<\/a> \u2014 un fondo ku ta sosten\u00e9 proyektonan kultural i edukativo r\u00f2nt mundu \u2014 a kontribu\u00ed na realisashon di e proyekto aki. Nan sosten ta hasi posibel pa nos yena e w\u00e8psait ku informashon i rekursonan edukativo tokante e herensia di Karibe Hulandes, loke ta permit\u00ed nos sigui desaroy\u00e1 nos trabou den edukashon kultural i partisipashon den komunidat segun ku e proyekto ta krese. <\/p>\n<p>[\/et_pb_text][\/et_pb_column][et_pb_column type=&#8221;1_3&#8243; _builder_version=&#8221;4.25.0&#8243; _module_preset=&#8221;default&#8221; global_colors_info=&#8221;{}&#8221;][et_pb_image src=&#8221;https:\/\/dutchcaribbeanheritage.wp.kukiko.com\/wp-content\/uploads\/sites\/7\/2024\/11\/unesco_natcom_curacao_flag_eng_B-1-150&#215;150.png&#8221; title_text=&#8221;unesco_natcom_curacao_flag_eng_B&#8221; url=&#8221;https:\/\/www.mondriaanfonds.nl\/&#8221; url_new_window=&#8221;on&#8221; align=&#8221;center&#8221; _builder_version=&#8221;4.27.2&#8243; _module_preset=&#8221;default&#8221; width=&#8221;70%&#8221; global_colors_info=&#8221;{}&#8221;][\/et_pb_image][\/et_pb_column][\/et_pb_row][et_pb_row column_structure=&#8221;2_3,1_3&#8243; _builder_version=&#8221;4.25.0&#8243; _module_preset=&#8221;default&#8221; width=&#8221;90%&#8221; max_width=&#8221;2560px&#8221; custom_margin=&#8221;|0px|50px|0px|false|false&#8221; global_colors_info=&#8221;{}&#8221; custom_padding=&#8221;|0px||0px|false|false&#8221;][et_pb_column type=&#8221;2_3&#8243; _builder_version=&#8221;4.25.0&#8243; _module_preset=&#8221;default&#8221; global_colors_info=&#8221;{}&#8221;][et_pb_text _builder_version=&#8221;4.27.2&#8243; _module_preset=&#8221;default&#8221; global_colors_info=&#8221;{}&#8221;]<\/p>\n<p>Na a\u00f1a 2023, <a href=\"https:\/\/www.vnacs.nl\/\" target=\"_blank\" rel=\"noopener\">Vertegenwoordiging van Nederland (Representashon di Hulanda) in Aruba, Cura\u00e7ao &amp; St. Maarten <\/a> a organis\u00e1 un Prinsjesdag Challenge pa e alumnonan di skol sekundario. E studiantenan di <a href=\"https:\/\/vpco.org\/site\/dr-albert-schweitzer\/\" target=\"_blank\" rel=\"noopener\">Albert Schweitzer College<\/a> a gana e reto ak\u00ed ora nan a desaroy\u00e1 un plan ekol\u00f3gikamente responsabel pa e tereno di Refineria. Komo parti di e premio, e Representashon di Hulanda a pone disponibel, un donashon destin\u00e1 pa un bon kousa. E studiantenan a skohe Stichting Monumentenzorg Cura\u00e7ao, ku a usa e s\u00e8n pa desaroy\u00e1 e website dutchcaribbeanheritage.org, ku e meta pa hasi material edukativo tokante patrimonio aksesibel.   <\/p>\n<p>[\/et_pb_text][\/et_pb_column][et_pb_column type=&#8221;1_3&#8243; _builder_version=&#8221;4.25.0&#8243; _module_preset=&#8221;default&#8221; global_colors_info=&#8221;{}&#8221;][et_pb_image src=&#8221;https:\/\/dutchcaribbeanheritage.wp.kukiko.com\/wp-content\/uploads\/sites\/7\/2024\/10\/VNW-logo-omgeving-derden-1-300&#215;121.png&#8221; title_text=&#8221;VNW logo omgeving derden-1&#8243; url=&#8221;https:\/\/www.vnacs.nl\/&#8221; url_new_window=&#8221;on&#8221; align=&#8221;center&#8221; _builder_version=&#8221;4.27.2&#8243; _module_preset=&#8221;default&#8221; custom_margin=&#8221;15px||15px||false|false&#8221; custom_padding=&#8221;15px||15px||false|false&#8221; global_colors_info=&#8221;{}&#8221;][\/et_pb_image][et_pb_image src=&#8221;https:\/\/dutchcaribbeanheritage.wp.kukiko.com\/wp-content\/uploads\/sites\/7\/2024\/10\/Logo-ASHV-150&#215;150.png&#8221; title_text=&#8221;Logo ASHV&#8221; url=&#8221;https:\/\/vpco.org\/site\/dr-albert-schweitzer\/&#8221; url_new_window=&#8221;on&#8221; align=&#8221;center&#8221; _builder_version=&#8221;4.27.2&#8243; _module_preset=&#8221;default&#8221; global_colors_info=&#8221;{}&#8221;][\/et_pb_image][\/et_pb_column][\/et_pb_row][\/et_pb_section]<\/p>\n","protected":false},"excerpt":{"rendered":"<p>E proyekto aki lo no tabata posibel sin yudansa di nos sp\u00f2nsernan, ku pashonadamente a kompromet\u00e9 nan mes ku pashon ku e herensia di e islanan. <\/p>\n","protected":false},"author":6,"featured_media":4500,"parent":12112,"menu_order":750,"comment_status":"closed","ping_status":"closed","template":"","meta":{"_et_pb_use_builder":"on","_et_pb_old_content":"","_et_gb_content_width":"","_vp_format_video_url":"","_vp_image_focal_point":[],"footnotes":""},"class_list":["post-12629","page","type-page","status-publish","has-post-thumbnail","hentry"],"_links":{"self":[{"href":"https:\/\/dutchcaribbeanheritage.org\/pap-cw\/wp-json\/wp\/v2\/pages\/12629","targetHints":{"allow":["GET"]}}],"collection":[{"href":"https:\/\/dutchcaribbeanheritage.org\/pap-cw\/wp-json\/wp\/v2\/pages"}],"about":[{"href":"https:\/\/dutchcaribbeanheritage.org\/pap-cw\/wp-json\/wp\/v2\/types\/page"}],"author":[{"embeddable":true,"href":"https:\/\/dutchcaribbeanheritage.org\/pap-cw\/wp-json\/wp\/v2\/users\/6"}],"replies":[{"embeddable":true,"href":"https:\/\/dutchcaribbeanheritage.org\/pap-cw\/wp-json\/wp\/v2\/comments?post=12629"}],"version-history":[{"count":0,"href":"https:\/\/dutchcaribbeanheritage.org\/pap-cw\/wp-json\/wp\/v2\/pages\/12629\/revisions"}],"up":[{"embeddable":true,"href":"https:\/\/dutchcaribbeanheritage.org\/pap-cw\/wp-json\/wp\/v2\/pages\/12112"}],"wp:featuredmedia":[{"embeddable":true,"href":"https:\/\/dutchcaribbeanheritage.org\/pap-cw\/wp-json\/wp\/v2\/media\/4500"}],"wp:attachment":[{"href":"https:\/\/dutchcaribbeanheritage.org\/pap-cw\/wp-json\/wp\/v2\/media?parent=12629"}],"curies":[{"name":"wp","href":"https:\/\/api.w.org\/{rel}","templated":true}]}}