{"id":12112,"date":"2023-02-15T13:27:02","date_gmt":"2023-02-15T17:27:02","guid":{"rendered":"https:\/\/dutchcaribbeanheritage.org\/over-het-platform\/"},"modified":"2025-07-22T14:33:59","modified_gmt":"2025-07-22T18:33:59","slug":"tokante-e-plataforma-aki","status":"publish","type":"page","link":"https:\/\/dutchcaribbeanheritage.org\/pap-cw\/tokante-e-plataforma-aki\/","title":{"rendered":"Tokante e plataforma ak\u00ed"},"content":{"rendered":"<p>[et_pb_section fb_built=&#8221;1&#8243; _builder_version=&#8221;4.19.5&#8243; _module_preset=&#8221;default&#8221; border_color_top=&#8221;gcid-8d5c403e-5233-4b75-b6e6-bba157c5c77f&#8221; global_colors_info=&#8221;{%22gcid-8d5c403e-5233-4b75-b6e6-bba157c5c77f%22:%91%22border_color_top%22%93}&#8221;][et_pb_row column_structure=&#8221;2_3,1_3&#8243; use_custom_gutter=&#8221;on&#8221; gutter_width=&#8221;2&#8243; make_equal=&#8221;on&#8221; _builder_version=&#8221;4.25.0&#8243; _module_preset=&#8221;default&#8221; background_enable_color=&#8221;off&#8221; width=&#8221;100%&#8221; max_width=&#8221;2560px&#8221; module_alignment=&#8221;left&#8221; custom_margin=&#8221;0px||||false|false&#8221; custom_padding=&#8221;0px||||false|false&#8221; global_colors_info=&#8221;{}&#8221;][et_pb_column type=&#8221;2_3&#8243; _builder_version=&#8221;4.25.0&#8243; _module_preset=&#8221;default&#8221; background_enable_color=&#8221;off&#8221; custom_padding=&#8221;0px|0px|0px|0px|false|true&#8221; global_colors_info=&#8221;{%22gcid-abea9b05-f503-4c3d-9ce3-95fa1b510938%22:%91%22background_color%22%93}&#8221;][et_pb_text _builder_version=&#8221;4.27.2&#8243; _module_preset=&#8221;default&#8221; global_colors_info=&#8221;{}&#8221;]<\/p>\n<p>E islanan karibense den Reino Hulandes ta form\u00e1 pa un historia i influensia kultural kompart\u00ed. Den hopi aspekto e islanan ta parse otro mas ku nan ta diferensi\u00e1 di otro. <\/p>\n<p>Durante di e \u00faltimo siglonan a publik\u00e1 hopi informashon tokante e herensia kompart\u00ed ak\u00ed. For di e relatonan friu skirb\u00ed den siglo diesnuebe ku ta kont\u00e1 for di e perspektiva kolonial, te na diferente programa di ense\u00f1ansa moderno ku a desaroy\u00e1 riba e islanan mes den e \u00faltimo a\u00f1anan. <\/p>\n<p><a href=\"http:\/\/www.monumentenzorg.cw\" target=\"_blank\" rel=\"noopener\">Stichting Monumentenzorg Cura\u00e7ao<\/a> a tuma e inisiativa pa desaroy\u00e1 un sistema di b\u00faskeda pa promov\u00e9 interkambio di konosementu entre e islanan, i fasilit\u00e1 e posibilidatnan pa ha\u00f1a informashon, material pa ense\u00f1ansa i aktividat riba tereno di patrimonio hulandes karibense. E meta ta, pa huntu ku diferente partner riba tur seis isla, ofres\u00e9 \u200b\u200bun inventario mas kompleto posibel riba tereno di herensia den e sentido mas amplio di palabra. <\/p>\n<h3>Informashon<\/h3>\n<p>Bou di e r\u00fabrika \u2018Informashon\u2019 por ha\u00f1a b\u00e8k publikashon, link pa base di dato spes\u00edfiko, website di instituto di herensia riba e islanan i mas. Por skohe e idioma di publikashon, tipo di publikashon, tema i e \u00e1rea\/isla ku e informashon ta trata. Sea ta pa hasi investigashon, prepar\u00e1 un presentashon oral \u00f2f ke sa mas di e isla ku ta bai bishit\u00e1, aki por ha\u00f1a e informashon ku ta buska.  <\/p>\n<h3>Edukashon<\/h3>\n<p>Na a\u00f1a 2017, riba enkargo di Komishon Nashonal di K\u00f2rsou pa UNESCO (Cura\u00e7ao National Commission for UNESCO), a hasi un inventario di material i programa pa duna l\u00e8s riba tereno di patrimonio arkitekt\u00f3niko i arkeol\u00f3giko ku tin na K\u00f2rsou. Un di e rekomendashonnan di mas importante tabata pa krea un plataforma digital pa oument\u00e1 e fasilidat pa ha\u00f1a e materialnan ak\u00ed. E parti ak\u00ed di e website no solamente ta kompart\u00ed programa di l\u00e8s eksistente. E ta duna tambe e posibilidat pa otro profeshonal di ense\u00f1ansa di e diferente islanan kompart\u00ed e materialnan ku nan a desaroy\u00e1 ku un grupo mas grandi di dosente. Di e manera ak\u00ed, na nivel di e seis islanan e maestronan por sigui amplia riba otro su informashon i m\u00e9todonan, pa ha\u00f1a e konosementu nesesario pa kompart\u00ed den klas.   <\/p>\n<h3>Aktividat<\/h3>\n<p>Tur isla ta ofres\u00e9 un variedat amplio di aktividat kultural i relashon\u00e1 ku patrimonio. E aktividatnan ak\u00ed por tin netamente un karakter informativo, manera un charla \u00f2f rekorido, pero nan por tin tambe un karakter festivo kaminda e enfoke ta riba e selebrashonnan ku tin nan rais ankr\u00e1 den e herensia kultural di e islanan. <\/p>\n<h3>Sosten amplio<\/h3>\n<p>Tur organisashon di patrimonio i profeshonal riba tereno di edukashon i di herensia riba e islanan por duna nan aporte na komplement\u00e1 i balid\u00e1 e informashon. Pa duna un aporte, komo kolaborad\u00f3, pa yuda komplet\u00e1 e informashon, por manda un e-mail pa <a href=\"mailto:info@dutchcaribbeanheritage.org\">info@dutchcaribbeanheritage.org<\/a>. E plataforma Herens\/cia | Erfgoed | Heritage ta posibel danki na entre otro Cultureelfonds Caribisch Gebied, Mondriaan Fonds i UNESCO Participation programme.  E plataforma Herens\/cia | Erfgoed | Heritage <a href=\"https:\/\/dutchcaribbeanheritage.wp.kukiko.com\/pap-cw\/tokante-e-plataforma-aki\/sponser\/\" target=\"_blank\" rel=\"noopener\">ta posibel danki na<\/a> entre otro <a href=\"https:\/\/cultuurfondscaribischgebied.com\/\" target=\"_blank\" rel=\"noopener\">Cultuurfonds Caribisch Gebied<\/a>, <a href=\"https:\/\/www.mondriaanfonds.nl\/\" target=\"_blank\" rel=\"noopener\">Mondriaan Fonds<\/a> i <a href=\"https:\/\/www.unesco.org\/en\/member-states-portal\/participation-programme\" target=\"_blank\" rel=\"noopener\">UNESCO Participation programme<\/a><\/p>\n<p>[\/et_pb_text][\/et_pb_column][et_pb_column type=&#8221;1_3&#8243; _builder_version=&#8221;4.25.0&#8243; _module_preset=&#8221;default&#8221; background_enable_color=&#8221;off&#8221; custom_padding=&#8221;0px|30px|0px|30px|false|true&#8221; global_colors_info=&#8221;{%22gcid-abea9b05-f503-4c3d-9ce3-95fa1b510938%22:%91%22background_color%22%93}&#8221;][et_pb_text _builder_version=&#8221;4.25.0&#8243; _module_preset=&#8221;default&#8221; text_orientation=&#8221;center&#8221; custom_margin=&#8221;||60px||false|false&#8221; global_colors_info=&#8221;{}&#8221;]<\/p>\n<p style=\"text-align: center\">Un inisiativa di:<\/p>\n<p>[\/et_pb_text][et_pb_image src=&#8221;https:\/\/dutchcaribbeanheritage.wp.kukiko.com\/wp-content\/uploads\/sites\/7\/2023\/02\/SMZ_logo-new.png&#8221; title_text=&#8221;SMZ_logo-new&#8221; url=&#8221;https:\/\/monumentenzorg.cw\/&#8221; url_new_window=&#8221;on&#8221; align=&#8221;center&#8221; _builder_version=&#8221;4.27.2&#8243; _module_preset=&#8221;default&#8221; width=&#8221;90%&#8221; custom_margin=&#8221;||30px||false|false&#8221; global_colors_info=&#8221;{}&#8221;][\/et_pb_image][\/et_pb_column][\/et_pb_row][\/et_pb_section]<\/p>\n","protected":false},"excerpt":{"rendered":"<p>E islanan karibense den Reino Hulandes ta form\u00e1 pa un historia i influensia kultural kompart\u00ed. Den hopi aspekto e islanan ta parse otro mas ku nan ta diferensi\u00e1 di otro. [&hellip;]<\/p>\n","protected":false},"author":6,"featured_media":4530,"parent":0,"menu_order":700,"comment_status":"closed","ping_status":"closed","template":"","meta":{"_et_pb_use_builder":"on","_et_pb_old_content":"","_et_gb_content_width":"","_vp_format_video_url":"","_vp_image_focal_point":[],"footnotes":""},"class_list":["post-12112","page","type-page","status-publish","has-post-thumbnail","hentry"],"_links":{"self":[{"href":"https:\/\/dutchcaribbeanheritage.org\/pap-cw\/wp-json\/wp\/v2\/pages\/12112","targetHints":{"allow":["GET"]}}],"collection":[{"href":"https:\/\/dutchcaribbeanheritage.org\/pap-cw\/wp-json\/wp\/v2\/pages"}],"about":[{"href":"https:\/\/dutchcaribbeanheritage.org\/pap-cw\/wp-json\/wp\/v2\/types\/page"}],"author":[{"embeddable":true,"href":"https:\/\/dutchcaribbeanheritage.org\/pap-cw\/wp-json\/wp\/v2\/users\/6"}],"replies":[{"embeddable":true,"href":"https:\/\/dutchcaribbeanheritage.org\/pap-cw\/wp-json\/wp\/v2\/comments?post=12112"}],"version-history":[{"count":0,"href":"https:\/\/dutchcaribbeanheritage.org\/pap-cw\/wp-json\/wp\/v2\/pages\/12112\/revisions"}],"wp:featuredmedia":[{"embeddable":true,"href":"https:\/\/dutchcaribbeanheritage.org\/pap-cw\/wp-json\/wp\/v2\/media\/4530"}],"wp:attachment":[{"href":"https:\/\/dutchcaribbeanheritage.org\/pap-cw\/wp-json\/wp\/v2\/media?parent=12112"}],"curies":[{"name":"wp","href":"https:\/\/api.w.org\/{rel}","templated":true}]}}