{"id":19354,"date":"2025-08-15T15:51:36","date_gmt":"2025-08-15T19:51:36","guid":{"rendered":"https:\/\/dutchcaribbeanheritage.org\/formulario-pa-inscibi-como-partner\/"},"modified":"2025-10-17T16:46:38","modified_gmt":"2025-10-17T20:46:38","slug":"formulario-pa-inscibi-como-colaborado","status":"publish","type":"page","link":"https:\/\/dutchcaribbeanheritage.org\/pap-aw\/formulario-pa-inscibi-como-colaborado\/","title":{"rendered":"Formulario pa inscibi como colaborado"},"content":{"rendered":"<p>[et_pb_section fb_built=&#8221;1&#8243; _builder_version=&#8221;4.19.5&#8243; _module_preset=&#8221;default&#8221; border_color_top=&#8221;gcid-8d5c403e-5233-4b75-b6e6-bba157c5c77f&#8221; global_colors_info=&#8221;{%22gcid-8d5c403e-5233-4b75-b6e6-bba157c5c77f%22:%91%22border_color_top%22%93}&#8221;][et_pb_row column_structure=&#8221;2_3,1_3&#8243; use_custom_gutter=&#8221;on&#8221; gutter_width=&#8221;2&#8243; make_equal=&#8221;on&#8221; _builder_version=&#8221;4.27.4&#8243; _module_preset=&#8221;default&#8221; background_enable_color=&#8221;off&#8221; width=&#8221;100%&#8221; max_width=&#8221;2560px&#8221; module_alignment=&#8221;left&#8221; custom_margin=&#8221;0px||||false|false&#8221; custom_padding=&#8221;0px||||false|false&#8221; global_colors_info=&#8221;{}&#8221;][et_pb_column type=&#8221;2_3&#8243; _builder_version=&#8221;4.27.4&#8243; _module_preset=&#8221;default&#8221; background_enable_color=&#8221;off&#8221; custom_padding=&#8221;0px|80px|0px|0px|false|false&#8221; global_colors_info=&#8221;{%22gcid-abea9b05-f503-4c3d-9ce3-95fa1b510938%22:%91%22background_color%22%93}&#8221;][et_pb_text _builder_version=&#8221;4.27.4&#8243; _module_preset=&#8221;default&#8221; global_colors_info=&#8221;{}&#8221;]<\/p>\n<p>Bo ke &#8216;upload&#8217; material cu bo organisacion na un manera structural pa cu e website aci? Registra bo organisacion por medio di e formulario aki abou. <\/p>\n<p><div class=\"forminator-ui forminator-custom-form forminator-custom-form-18975 forminator-design--default  forminator_ajax\" data-forminator-render=\"0\" data-form=\"forminator-module-18975\" data-uid=\"69e27297876c6\"><\/div>\n<form\n\t\t\t\tid=\"forminator-module-18975\"\n\t\t\t\tclass=\"forminator-ui forminator-custom-form forminator-custom-form-18975 forminator-design--default  forminator_ajax\"\n\t\t\t\tmethod=\"post\"\n\t\t\t\tdata-forminator-render=\"0\"\n\t\t\t\tdata-form-id=\"18975\"\n\t\t\t\tenctype=\"multipart\/form-data\" data-color-option=\"theme\" data-design=\"default\" data-grid=\"open\" style=\"display: none;\"\n\t\t\t\tdata-uid=\"69e27297876c6\"\n\t\t\t><\/p>\n<div role=\"alert\" aria-live=\"polite\" class=\"forminator-response-message forminator-error\" aria-hidden=\"true\"><\/div>\n<div class=\"forminator-row\">\n<div id=\"text-1\" class=\"forminator-field-text forminator-col forminator-col-12 \">\n<div class=\"forminator-field\"><label for=\"forminator-field-text-1_69e27297876c6\" id=\"forminator-field-text-1_69e27297876c6-label\" class=\"forminator-label\">Organisatie\/school\/anders<\/label><input type=\"text\" name=\"text-1\" value=\"\" placeholder=\"\" id=\"forminator-field-text-1_69e27297876c6\" class=\"forminator-input forminator-name--field\" data-required=\"\" \/><\/div>\n<\/div>\n<\/div>\n<div class=\"forminator-row\">\n<div id=\"address-1\" class=\"forminator-field-address forminator-col forminator-col-12 \">\n<div class=\"forminator-row\">\n<div id=\"address-1-street_address\" class=\"forminator-col\">\n<div class=\"forminator-field\"><label for=\"forminator-field-address-1-street_address_69e27297876c6\" id=\"forminator-field-address-1-street_address_69e27297876c6-label\" class=\"forminator-label\">Adres<\/label><input type=\"text\" name=\"address-1-street_address\" placeholder=\"\" id=\"forminator-field-address-1-street_address_69e27297876c6\" class=\"forminator-input\" data-required=\"\" aria-required=\"false\" autocomplete=\"address-line1\" value=\"\" \/><\/div>\n<\/div>\n<\/div>\n<div class=\"forminator-row\" data-multiple=\"false\">\n<div id=\"address-1-city\" class=\"forminator-col forminator-col-12\">\n<div class=\"forminator-field\"><label for=\"forminator-field-address-1-city_69e27297876c6\" id=\"forminator-field-address-1-city_69e27297876c6-label\" class=\"forminator-label\">Stad<\/label><input type=\"text\" name=\"address-1-city\" placeholder=\"\" id=\"forminator-field-address-1-city_69e27297876c6\" class=\"forminator-input\" data-required=\"\" aria-required=\"false\" autocomplete=\"address-level2\" value=\"\" \/><\/div>\n<\/div>\n<\/div>\n<\/div>\n<\/div>\n<div class=\"forminator-row\">\n<div id=\"text-3\" class=\"forminator-field-text forminator-col forminator-col-12 \">\n<div class=\"forminator-field\"><label for=\"forminator-field-text-3_69e27297876c6\" id=\"forminator-field-text-3_69e27297876c6-label\" class=\"forminator-label\">(Ei)land<\/label><input type=\"text\" name=\"text-3\" value=\"\" placeholder=\"\" id=\"forminator-field-text-3_69e27297876c6\" class=\"forminator-input forminator-name--field\" data-required=\"\" \/><\/div>\n<\/div>\n<\/div>\n<div class=\"forminator-row\">\n<div id=\"url-1\" class=\"forminator-field-url forminator-col forminator-col-12 \">\n<div class=\"forminator-field\"><label for=\"forminator-field-url-1_69e27297876c6\" id=\"forminator-field-url-1_69e27297876c6-label\" class=\"forminator-label\">Website organisatie<\/label><input type=\"url\" name=\"url-1\" value=\"\" placeholder=\"\" id=\"forminator-field-url-1_69e27297876c6\" class=\"forminator-input forminator-website--field\" data-required=\"\" aria-required=\"false\" \/><\/div>\n<\/div>\n<\/div>\n<div class=\"forminator-row\">\n<div id=\"upload-1\" class=\"forminator-field-upload forminator-col forminator-col-12 \">\n<div class=\"forminator-field\"><label for=\"forminator-field-upload-1_69e27297876c6\" id=\"forminator-field-upload-1_69e27297876c6-label\" class=\"forminator-label\">Logo organisatie<\/label><\/p>\n<div class=\"forminator-multi-upload \" data-element=\"upload-1_69e27297876c6\"><input type=\"file\" name=\"upload-1[]\" id=\"forminator-field-upload-1_69e27297876c6\" class=\"forminator-input-file forminator-field-upload-1_69e27297876c6-18975\" multiple=\"multiple\" data-method=\"ajax\" data-size=\"8000000\" data-size-message=\"Maximum file size allowed is 8 MB. \"><\/p>\n<div class=\"forminator-multi-upload-message\" aria-hidden=\"true\"><span class=\"forminator-icon-upload\" aria-hidden=\"true\"><\/span><\/p>\n<p>Drag and Drop (or) <a class=\"forminator-upload-file--forminator-field-upload-1_69e27297876c6\" href=\"#\" onclick=\"return false;\">Choose Files<\/a><\/p>\n<\/div>\n<\/div>\n<ul class=\"forminator-uploaded-files upload-container-upload-1_69e27297876c6\"><\/ul>\n<\/div>\n<\/div>\n<\/div>\n<div class=\"forminator-row\">\n<div id=\"name-1\" class=\"forminator-field-name forminator-col forminator-col-12 \">\n<div class=\"forminator-field\"><label for=\"forminator-field-name-1_69e27297876c6\" id=\"forminator-field-name-1_69e27297876c6-label\" class=\"forminator-label\">Naam contactpersoon<\/label><input type=\"text\" name=\"name-1\" value=\"\" placeholder=\"\" id=\"forminator-field-name-1_69e27297876c6\" class=\"forminator-input forminator-name--field\" aria-required=\"false\" autocomplete=\"name\" \/><\/div>\n<\/div>\n<\/div>\n<div class=\"forminator-row\">\n<div id=\"email-1\" class=\"forminator-field-email forminator-col forminator-col-12 \">\n<div class=\"forminator-field\"><label for=\"forminator-field-email-1_69e27297876c6\" id=\"forminator-field-email-1_69e27297876c6-label\" class=\"forminator-label\">E-mailadres<\/label><input type=\"email\" name=\"email-1\" value=\"\" placeholder=\"\" id=\"forminator-field-email-1_69e27297876c6\" class=\"forminator-input forminator-email--field\" data-required=\"\" aria-required=\"false\" autocomplete=\"email\" \/><\/div>\n<\/div>\n<\/div>\n<div class=\"forminator-row\">\n<div id=\"text-2\" class=\"forminator-field-text forminator-col forminator-col-12 \">\n<div class=\"forminator-field\"><label for=\"forminator-field-text-2_69e27297876c6\" id=\"forminator-field-text-2_69e27297876c6-label\" class=\"forminator-label\">Functie<\/label><input type=\"text\" name=\"text-2\" value=\"\" placeholder=\"\" id=\"forminator-field-text-2_69e27297876c6\" class=\"forminator-input forminator-name--field\" data-required=\"\" \/><\/div>\n<\/div>\n<\/div>\n<div class=\"forminator-row\">\n<div id=\"textarea-1\" class=\"forminator-field-textarea forminator-col forminator-col-12 \">\n<div class=\"forminator-field\"><label for=\"forminator-field-textarea-1_69e27297876c6\" id=\"forminator-field-textarea-1_69e27297876c6-label\" class=\"forminator-label\">Opmerkingen\/aanvullingen\/suggesties\/feedback<\/label><textarea name=\"textarea-1\" placeholder=\"\" id=\"forminator-field-textarea-1_69e27297876c6\" class=\"forminator-textarea\" rows=\"6\" style=\"--forminator-textarea-min-height:140px;\" ><\/textarea><\/div>\n<\/div>\n<\/div>\n<p><input type=\"hidden\" name=\"referer_url\" value=\"\" \/><\/p>\n<div class=\"forminator-row forminator-row-last\">\n<div class=\"forminator-col\">\n<div class=\"forminator-field\"><button class=\"forminator-button forminator-button-submit\">Verzenden<\/button><\/div>\n<\/div>\n<\/div>\n<p><input type=\"hidden\" id=\"forminator_nonce\" name=\"forminator_nonce\" value=\"41091d5000\" \/><input type=\"hidden\" name=\"_wp_http_referer\" value=\"\/pap-aw\/wp-json\/wp\/v2\/pages\/19354\" \/><input type=\"hidden\" name=\"form_id\" value=\"18975\"><input type=\"hidden\" name=\"page_id\" value=\"19354\"><input type=\"hidden\" name=\"form_type\" value=\"default\"><input type=\"hidden\" name=\"current_url\" value=\"https:\/\/dutchcaribbeanheritage.org\/pap-aw\/formulario-pa-inscibi-como-colaborado\/\"><input type=\"hidden\" name=\"render_id\" value=\"0\"><input type=\"hidden\" name=\"forminator-multifile-hidden\" class=\"forminator-multifile-hidden\"><input type=\"hidden\" name=\"action\" value=\"forminator_submit_form_custom-forms\"><\/form>\n<\/p>\n<p>[\/et_pb_text][\/et_pb_column][et_pb_column type=&#8221;1_3&#8243; _builder_version=&#8221;4.25.0&#8243; _module_preset=&#8221;default&#8221; background_enable_color=&#8221;off&#8221; custom_padding=&#8221;0px|30px|0px|30px|false|true&#8221; global_colors_info=&#8221;{%22gcid-abea9b05-f503-4c3d-9ce3-95fa1b510938%22:%91%22background_color%22%93}&#8221;][et_pb_toggle title=&#8221;Criteria pa &#8216;upload&#8217; e material&#8221; _builder_version=&#8221;4.27.4&#8243; _module_preset=&#8221;default&#8221; title_text_color=&#8221;gcid-da219282-0881-45bc-a1a0-4f683f24baa8&#8243; title_font=&#8221;Khand||||||||&#8221; title_font_size=&#8221;20px&#8221; body_font_size=&#8221;14px&#8221; background_color=&#8221;#FFFFFF&#8221; global_colors_info=&#8221;{%22gcid-da219282-0881-45bc-a1a0-4f683f24baa8%22:%91%22title_text_color%22%93}&#8221;]<\/p>\n<p>E material mester cumpli cu e siguiente criterionan:<\/p>\n<ul>\n<li>Mester ta basa riba hecho<\/li>\n<li>Ta cay bou di un di e siguiente categorianan:\n<ul>\n<li>Patrimonio intangibel (Herencia inmaterial)<\/li>\n<li>Patrimonio tangibel (Herencia material)<\/li>\n<li>Herencia arkitectonico<\/li>\n<li>Herencia arkeologico<\/li>\n<li>Arte y artesania (mas bieu cu 50 a\u00f1a)<\/li>\n<li>Literatura<\/li>\n<li>Musica &amp; arte escenico<\/li>\n<li>Herencia natural<\/li>\n<\/ul>\n<\/li>\n<li>Ta trata aki di patrimonio cu ta di e islanan Hulandes-Caribense mes, esta di Aruba, Boneiro, Corsou, Sint Maarten, Sint Eustatius y\/of Saba.<\/li>\n<li>Bo ta dispone di e derecho di autor pa comparti e material, of por referi na unda por haya e material aki publica.<\/li>\n<\/ul>\n<p>[\/et_pb_toggle][et_pb_toggle title=&#8221;Tips pa upload material&#8221; _builder_version=&#8221;4.27.4&#8243; _module_preset=&#8221;default&#8221; title_text_color=&#8221;gcid-da219282-0881-45bc-a1a0-4f683f24baa8&#8243; title_font=&#8221;Khand||||||||&#8221; title_font_size=&#8221;20px&#8221; body_font_size=&#8221;14px&#8221; background_color=&#8221;#FFFFFF&#8221; custom_margin=&#8221;30px||||false|false&#8221; global_colors_info=&#8221;{%22gcid-da219282-0881-45bc-a1a0-4f683f24baa8%22:%91%22title_text_color%22%93}&#8221;]<\/p>\n<ol>\n<li>Por medio di un formulario por introduc\u00ed solo un material \u00f2f un aktividad.<\/li>\n<li>Llena tur informashon relevante mas completo posibel.<\/li>\n<li>Usa e idioma di e material of aktividad mes. Por ehempel, si ta tocante un buki na Papiamentu, pone e titulo, subtitulo, i descripcion tambe na Papiamentu.<\/li>\n<li>Na \u201cPais\/isla\u201d, \u201cCategoria\u201d, \u201cTipo di material\u201d i otro, por skohe mas opcion.<\/li>\n<li>Pa imagenan, por ehempel, por subi screenshots, un eskaneo di e tabla di contenido, \u00f2f otro imagenan ku duna un idea di e material. Den caso di actividadnan, por ta un poster\/flyer, material pa promocion, f\u00f3tonan, i otro. <\/li>\n<li>Pa website\/links externo, por pone un \u00f2f mas links riba e material mes, \u00f2f riba lugar caminda por ha\u00f1a mas informacion tokante e material. Den kaso di un actividad, por pone un link riba e localidad, un website ku mas informacion, i e website pa compra ticket. <\/li>\n<\/ol>\n<p>[\/et_pb_toggle][\/et_pb_column][\/et_pb_row][\/et_pb_section]<\/p>\n","protected":false},"excerpt":{"rendered":"<p>Bo ke &#8216;upload&#8217; material cu bo organisacion na un manera structural pa cu e website aci? Registra bo organisacion por medio di e formulario aki abou. <div class=\"forminator-ui forminator-custom-form forminator-custom-form-18975 forminator-design--default  forminator_ajax\" data-forminator-render=\"1\" data-form=\"forminator-module-18975\" data-uid=\"69e272978bba7\"><br\/><\/div><form\r\n\t\t\t\tid=\"forminator-module-18975\"\r\n\t\t\t\tclass=\"forminator-ui forminator-custom-form forminator-custom-form-18975 forminator-design--default  forminator_ajax\"\r\n\t\t\t\tmethod=\"post\"\r\n\t\t\t\tdata-forminator-render=\"1\"\r\n\t\t\t\tdata-form-id=\"18975\"\r\n\t\t\t\tenctype=\"multipart\/form-data\" data-color-option=\"theme\" data-design=\"default\" data-grid=\"open\" style=\"display: none;\"\r\n\t\t\t\tdata-uid=\"69e272978bba7\"\r\n\t\t\t><div role=\"alert\" aria-live=\"polite\" class=\"forminator-response-message forminator-error\" aria-hidden=\"true\"><\/div><div class=\"forminator-row\"><div id=\"text-1\" class=\"forminator-field-text forminator-col forminator-col-12 \"><div class=\"forminator-field\"><label for=\"forminator-field-text-1_69e272978bba7\" id=\"forminator-field-text-1_69e272978bba7-label\" class=\"forminator-label\">Organisatie\/school\/anders<\/label><input type=\"text\" name=\"text-1\" value=\"\" placeholder=\"\" id=\"forminator-field-text-1_69e272978bba7\" class=\"forminator-input forminator-name--field\" data-required=\"\" \/><\/div><\/div><\/div><div class=\"forminator-row\"><div id=\"address-1\" class=\"forminator-field-address forminator-col forminator-col-12 \"><div class=\"forminator-row\"><div id=\"address-1-street_address\" class=\"forminator-col\"><div class=\"forminator-field\"><label for=\"forminator-field-address-1-street_address_69e272978bba7\" id=\"forminator-field-address-1-street_address_69e272978bba7-label\" class=\"forminator-label\">Adres<\/label><input type=\"text\" name=\"address-1-street_address\" placeholder=\"\" id=\"forminator-field-address-1-street_address_69e272978bba7\" class=\"forminator-input\" data-required=\"\" aria-required=\"false\" autocomplete=\"address-line1\" value=\"\" \/><\/div><\/div><\/div><div class=\"forminator-row\" data-multiple=\"false\"><div id=\"address-1-city\" class=\"forminator-col forminator-col-12\"><div class=\"forminator-field\"><label for=\"forminator-field-address-1-city_69e272978bba7\" id=\"forminator-field-address-1-city_69e272978bba7-label\" class=\"forminator-label\">Stad<\/label><input type=\"text\" name=\"address-1-city\" placeholder=\"\" id=\"forminator-field-address-1-city_69e272978bba7\" class=\"forminator-input\" data-required=\"\" aria-required=\"false\" autocomplete=\"address-level2\" value=\"\" \/><\/div><\/div><\/div><\/div><\/div><div class=\"forminator-row\"><div id=\"text-3\" class=\"forminator-field-text forminator-col forminator-col-12 \"><div class=\"forminator-field\"><label for=\"forminator-field-text-3_69e272978bba7\" id=\"forminator-field-text-3_69e272978bba7-label\" class=\"forminator-label\">(Ei)land<\/label><input type=\"text\" name=\"text-3\" value=\"\" placeholder=\"\" id=\"forminator-field-text-3_69e272978bba7\" class=\"forminator-input forminator-name--field\" data-required=\"\" \/><\/div><\/div><\/div><div class=\"forminator-row\"><div id=\"url-1\" class=\"forminator-field-url forminator-col forminator-col-12 \"><div class=\"forminator-field\"><label for=\"forminator-field-url-1_69e272978bba7\" id=\"forminator-field-url-1_69e272978bba7-label\" class=\"forminator-label\">Website organisatie<\/label><input type=\"url\" name=\"url-1\" value=\"\" placeholder=\"\" id=\"forminator-field-url-1_69e272978bba7\" class=\"forminator-input forminator-website--field\" data-required=\"\" aria-required=\"false\" \/><\/div><\/div><\/div><div class=\"forminator-row\"><div id=\"upload-1\" class=\"forminator-field-upload forminator-col forminator-col-12 \"><div class=\"forminator-field\"><label for=\"forminator-field-upload-1_69e272978bba7\" id=\"forminator-field-upload-1_69e272978bba7-label\" class=\"forminator-label\">Logo organisatie<\/label><div class=\"forminator-multi-upload \" data-element=\"upload-1_69e272978bba7\"><input type=\"file\" name=\"upload-1[]\" id=\"forminator-field-upload-1_69e272978bba7\" class=\"forminator-input-file forminator-field-upload-1_69e272978bba7-18975\" multiple=\"multiple\" data-method=\"ajax\" data-size=\"8000000\" data-size-message=\"Maximum file size allowed is 8 MB. \"><div class=\"forminator-multi-upload-message\" aria-hidden=\"true\"><span class=\"forminator-icon-upload\" aria-hidden=\"true\"><\/span><p>Drag and Drop (or) <a class=\"forminator-upload-file--forminator-field-upload-1_69e272978bba7\" href=\"#\" onclick=\"return false;\">Choose Files<\/a><\/p><\/div><\/div><ul class=\"forminator-uploaded-files upload-container-upload-1_69e272978bba7\"><\/ul><\/div><\/div><\/div><div class=\"forminator-row\"><div id=\"name-1\" class=\"forminator-field-name forminator-col forminator-col-12 \"><div class=\"forminator-field\"><label for=\"forminator-field-name-1_69e272978bba7\" id=\"forminator-field-name-1_69e272978bba7-label\" class=\"forminator-label\">Naam contactpersoon<\/label><input type=\"text\" name=\"name-1\" value=\"\" placeholder=\"\" id=\"forminator-field-name-1_69e272978bba7\" class=\"forminator-input forminator-name--field\" aria-required=\"false\" autocomplete=\"name\" \/><\/div><\/div><\/div><div class=\"forminator-row\"><div id=\"email-1\" class=\"forminator-field-email forminator-col forminator-col-12 \"><div class=\"forminator-field\"><label for=\"forminator-field-email-1_69e272978bba7\" id=\"forminator-field-email-1_69e272978bba7-label\" class=\"forminator-label\">E-mailadres<\/label><input type=\"email\" name=\"email-1\" value=\"\" placeholder=\"\" id=\"forminator-field-email-1_69e272978bba7\" class=\"forminator-input forminator-email--field\" data-required=\"\" aria-required=\"false\" autocomplete=\"email\" \/><\/div><\/div><\/div><div class=\"forminator-row\"><div id=\"text-2\" class=\"forminator-field-text forminator-col forminator-col-12 \"><div class=\"forminator-field\"><label for=\"forminator-field-text-2_69e272978bba7\" id=\"forminator-field-text-2_69e272978bba7-label\" class=\"forminator-label\">Functie<\/label><input type=\"text\" name=\"text-2\" value=\"\" placeholder=\"\" id=\"forminator-field-text-2_69e272978bba7\" class=\"forminator-input forminator-name--field\" data-required=\"\" \/><\/div><\/div><\/div><div class=\"forminator-row\"><div id=\"textarea-1\" class=\"forminator-field-textarea forminator-col forminator-col-12 \"><div class=\"forminator-field\"><label for=\"forminator-field-textarea-1_69e272978bba7\" id=\"forminator-field-textarea-1_69e272978bba7-label\" class=\"forminator-label\">Opmerkingen\/aanvullingen\/suggesties\/feedback<\/label><textarea name=\"textarea-1\" placeholder=\"\" id=\"forminator-field-textarea-1_69e272978bba7\" class=\"forminator-textarea\" rows=\"6\" style=\"--forminator-textarea-min-height:140px;\" ><\/textarea><\/div><\/div><\/div><input type=\"hidden\" name=\"referer_url\" value=\"\" \/><div class=\"forminator-row forminator-row-last\"><div class=\"forminator-col\"><div class=\"forminator-field\"><button class=\"forminator-button forminator-button-submit\">Verzenden<\/button><\/div><\/div><\/div><input type=\"hidden\" id=\"forminator_nonce\" name=\"forminator_nonce\" value=\"41091d5000\" \/><input type=\"hidden\" name=\"_wp_http_referer\" value=\"\/pap-aw\/wp-json\/wp\/v2\/pages\/19354\" \/><input type=\"hidden\" name=\"form_id\" value=\"18975\"><input type=\"hidden\" name=\"page_id\" value=\"19354\"><input type=\"hidden\" name=\"form_type\" value=\"default\"><input type=\"hidden\" name=\"current_url\" value=\"https:\/\/dutchcaribbeanheritage.org\/pap-aw\/formulario-pa-inscibi-como-colaborado\/\"><input type=\"hidden\" name=\"render_id\" value=\"1\"><input type=\"hidden\" name=\"forminator-multifile-hidden\" class=\"forminator-multifile-hidden\"><input type=\"hidden\" name=\"action\" value=\"forminator_submit_form_custom-forms\"><\/form>E material mester [&hellip;]<\/p>\n","protected":false},"author":6,"featured_media":4529,"parent":0,"menu_order":0,"comment_status":"closed","ping_status":"closed","template":"","meta":{"_et_pb_use_builder":"on","_et_pb_old_content":"","_et_gb_content_width":"","_vp_format_video_url":"","_vp_image_focal_point":[],"footnotes":""},"class_list":["post-19354","page","type-page","status-publish","has-post-thumbnail","hentry"],"_links":{"self":[{"href":"https:\/\/dutchcaribbeanheritage.org\/pap-aw\/wp-json\/wp\/v2\/pages\/19354","targetHints":{"allow":["GET"]}}],"collection":[{"href":"https:\/\/dutchcaribbeanheritage.org\/pap-aw\/wp-json\/wp\/v2\/pages"}],"about":[{"href":"https:\/\/dutchcaribbeanheritage.org\/pap-aw\/wp-json\/wp\/v2\/types\/page"}],"author":[{"embeddable":true,"href":"https:\/\/dutchcaribbeanheritage.org\/pap-aw\/wp-json\/wp\/v2\/users\/6"}],"replies":[{"embeddable":true,"href":"https:\/\/dutchcaribbeanheritage.org\/pap-aw\/wp-json\/wp\/v2\/comments?post=19354"}],"version-history":[{"count":0,"href":"https:\/\/dutchcaribbeanheritage.org\/pap-aw\/wp-json\/wp\/v2\/pages\/19354\/revisions"}],"wp:featuredmedia":[{"embeddable":true,"href":"https:\/\/dutchcaribbeanheritage.org\/pap-aw\/wp-json\/wp\/v2\/media\/4529"}],"wp:attachment":[{"href":"https:\/\/dutchcaribbeanheritage.org\/pap-aw\/wp-json\/wp\/v2\/media?parent=19354"}],"curies":[{"name":"wp","href":"https:\/\/api.w.org\/{rel}","templated":true}]}}