{"id":12659,"date":"2023-03-22T16:34:25","date_gmt":"2023-03-22T20:34:25","guid":{"rendered":"https:\/\/dutchcaribbeanheritage.org\/algun-tip-pa-ora-ta-busca\/"},"modified":"2025-07-22T14:46:32","modified_gmt":"2025-07-22T18:46:32","slug":"algun-tip-pa-ora-ta-busca","status":"publish","type":"page","link":"https:\/\/dutchcaribbeanheritage.org\/pap-aw\/algun-tip-pa-ora-ta-busca\/","title":{"rendered":"Algun tip pa ora ta busca"},"content":{"rendered":"<h2>Estrutura<\/h2>\n<p>E website aki ta bo base di dato digital pa informacion tocante herencia di e islanan Hulandes-Caribense. Bo por haci un buskeda dirigi via e filternan di buskeda riba e pagina di inicio of explora nos tres seccionnan principal: Informacion, Educacion y Actividad.<\/p>\n<h5><a href=\"https:\/\/dutchcaribbeanheritage.wp.kukiko.com\/pap-aw\/informacion\/\" rel=\"noopener\">Informacion<\/a><\/h5>\n<p>Aki ta haya un coleccion extenso di fuente di informacion \u2013 for di publicacion, video y website te na link pa bay e basenan di dato externo. E seccion aki ta pa tur hende, for di e profesional di herencia y guia turistico te na studiante cu ta busca informacion pa un presentacion oral.<\/p>\n<h5><a href=\"https:\/\/dutchcaribbeanheritage.wp.kukiko.com\/pap-aw\/educacion\/\" rel=\"noopener\">Educacion<\/a><\/h5>\n<p>Esaki ta destina specialmente pa docente y profesional den educacion. Aki ta haya material pa les y metodo di ense\u00f1ansa pa tur nivel di ense\u00f1ansa; for di scol basico te na ense\u00f1ansa avansa. Uza e filtro pa busca grupo segun edad y nivel pa haya material pa uza mesora den les.<\/p>\n<h5><a href=\"https:\/\/dutchcaribbeanheritage.wp.kukiko.com\/pap-aw\/tur-actividad\/\" rel=\"noopener\">Actividad<\/a><\/h5>\n<p>Descubri cua actividad regular y special di herencia ta tuma luga riba e islanan: for di tayer te na exposicion. Herencia ta biba ora ta comparti&#8217;e y experienci&#8217;e.<\/p>\n<p>No tin sigur den cua categoria e pregunta ta cay? Uza e bara di buskeda general riba e <a href=\"https:\/\/dutchcaribbeanheritage.wp.kukiko.com\/pap-aw\/\" rel=\"noopener\">pagina di inicio<\/a> pa tuma nota di tur resultado.<\/p>\n<h2>Fuente di informacion externo<\/h2>\n<p>Pa mas profundisacion of pa topico cu no ta riba nos website ainda, por bishita algun otro fuente di informacion online cu ta trata herencia.<\/p>\n<h5><\/h5>\n<h5>Investigacion di fuente di informacion<\/h5>\n<ul>\n<li><a href=\"https:\/\/delpher.nl\" target=\"_blank\" rel=\"noopener\">Delpher.nl<\/a> (archief grandi di corant y revista Hulandes y Hulandes \u2013 Antiano)<\/li>\n<li><a href=\"https:\/\/dcdp.uoc.cw\/\" target=\"_blank\" rel=\"noopener\">Dutch Caribbean Digital Platform<\/a><\/li>\n<li><a href=\"https:\/\/coleccion.aw\/pages\/pa\/home\/\" target=\"_blank\" rel=\"noopener\">Coleccion Aruba<\/a><\/li>\n<\/ul>\n<h5>Archief\/Biblioteca<\/h5>\n<ul>\n<li><a href=\"https:\/\/www.nationaalarchief.cw\/\" target=\"_blank\" rel=\"noopener\">Archivo Nashonal K\u00f2rsou<\/a><\/li>\n<li><a href=\"https:\/\/www.madurolibrary.org\/\" target=\"_blank\" rel=\"noopener\">Mongui Maduro Library<\/a><\/li>\n<li><a href=\"https:\/\/www.nationaalarchief.nl\/\" target=\"_blank\" rel=\"noopener\">Nationaal Archief Nederland<\/a><\/li>\n<\/ul>\n<h5>Investigacion di famia<\/h5>\n<ul>\n<li><a href=\"https:\/\/wiewaswie.nl\/\" target=\"_blank\" rel=\"noopener\">Wie Was Wie<\/a><\/li>\n<li>\n<p class=\"page-title\"><a href=\"https:\/\/www.nationaalarchief.nl\/onderzoeken\/zoekhulpen\/inwoners-van-curacao-1675-1950\" target=\"_blank\" rel=\"noopener\">Indice \u2013 Habitante di Corsou 1675 \u2013 1950<\/a><\/p>\n<\/li>\n<\/ul>\n<h5>Manumicion (documento oficial cu ta duna catibo libertad)<\/h5>\n<ul>\n<li>\n<p class=\"page-title\"><a href=\"https:\/\/www.nationaalarchief.nl\/onderzoeken\/zoekhulpen\/slavernij-en-emancipatie-op-aruba-1840-1863\" target=\"_blank\" rel=\"noopener\">Indice \u2013 Sclavitud y emancipacion na Aruba, 1840 \u2013 1863<\/a><\/p>\n<\/li>\n<li>\n<p class=\"page-title\"><a href=\"https:\/\/www.nationaalarchief.nl\/onderzoeken\/zoekhulpen\/curacao-slaven-en-emancipatieregisters-1839-1863\" target=\"_blank\" rel=\"noopener\">Indice \u2013 Cura\u00e7ao: Registro di catibo y emancipacion 1839 \u2013 1863<\/a><\/p>\n<\/li>\n<li>\n<p class=\"page-title\"><a href=\"https:\/\/www.nationaalarchief.nl\/onderzoeken\/zoekhulpen\/curacao-vrij-van-slavernij-manumissies-1722-1863\" target=\"_blank\" rel=\"noopener\">Indice \u2013 Cura\u00e7ao: Liber di sclavitud (manumicion) 1722 \u2013 1863<\/a><\/p>\n<\/li>\n<li>\n<p class=\"page-title\"><a href=\"https:\/\/www.nationaalarchief.nl\/onderzoeken\/zoekhulpen\/suriname-en-de-nederlandse-antillen-vrijverklaarde-slaafgemaakten#collapse-8844\" target=\"_blank\" rel=\"noopener\">Indice \u2013 Surnam y Antia Hulandes: Declaracion di libertad di esnan sclavisa (Emancipacion 1863)<\/a><\/p>\n<\/li>\n<li>\n<p class=\"page-title\"><a href=\"https:\/\/www.nationaalarchief.nl\/onderzoeken\/zoekhulpen\/vrijgelaten-slaafgemaakten-op-sint-eustatius-1862-1863\" target=\"_blank\" rel=\"noopener\">Indice \u2013 Catibo libera na Sint Eustatius, 1862 \u2013 1863<\/a><\/p>\n<\/li>\n<\/ul>\n","protected":false},"excerpt":{"rendered":"<p>Estrutura E website aki ta bo base di dato digital pa informacion tocante herencia di e islanan Hulandes-Caribense. Bo por haci un buskeda dirigi via e filternan di buskeda riba [&hellip;]<\/p>\n","protected":false},"author":6,"featured_media":4509,"parent":0,"menu_order":900,"comment_status":"closed","ping_status":"closed","template":"","meta":{"_et_pb_use_builder":"off","_et_pb_old_content":"","_et_gb_content_width":"","_vp_format_video_url":"","_vp_image_focal_point":[],"footnotes":""},"class_list":["post-12659","page","type-page","status-publish","has-post-thumbnail","hentry"],"_links":{"self":[{"href":"https:\/\/dutchcaribbeanheritage.org\/pap-aw\/wp-json\/wp\/v2\/pages\/12659","targetHints":{"allow":["GET"]}}],"collection":[{"href":"https:\/\/dutchcaribbeanheritage.org\/pap-aw\/wp-json\/wp\/v2\/pages"}],"about":[{"href":"https:\/\/dutchcaribbeanheritage.org\/pap-aw\/wp-json\/wp\/v2\/types\/page"}],"author":[{"embeddable":true,"href":"https:\/\/dutchcaribbeanheritage.org\/pap-aw\/wp-json\/wp\/v2\/users\/6"}],"replies":[{"embeddable":true,"href":"https:\/\/dutchcaribbeanheritage.org\/pap-aw\/wp-json\/wp\/v2\/comments?post=12659"}],"version-history":[{"count":0,"href":"https:\/\/dutchcaribbeanheritage.org\/pap-aw\/wp-json\/wp\/v2\/pages\/12659\/revisions"}],"wp:featuredmedia":[{"embeddable":true,"href":"https:\/\/dutchcaribbeanheritage.org\/pap-aw\/wp-json\/wp\/v2\/media\/4509"}],"wp:attachment":[{"href":"https:\/\/dutchcaribbeanheritage.org\/pap-aw\/wp-json\/wp\/v2\/media?parent=12659"}],"curies":[{"name":"wp","href":"https:\/\/api.w.org\/{rel}","templated":true}]}}